{"id":3498,"date":"2021-05-28T07:41:52","date_gmt":"2021-05-28T07:41:52","guid":{"rendered":"https:\/\/eldon.qodeinteractive.com\/?page_id=3498"},"modified":"2021-05-28T07:41:52","modified_gmt":"2021-05-28T07:41:52","slug":"info-overlay","status":"publish","type":"page","link":"https:\/\/ultra-man.sale\/?page_id=3498","title":{"rendered":"Info Overlay"},"content":{"rendered":"\t\t<div data-elementor-type=\"wp-page\" data-elementor-id=\"3498\" class=\"elementor elementor-3498\">\n\t\t\t\t\t\t<section class=\"elementor-section elementor-top-section elementor-element elementor-element-59b45fe elementor-section-full_width elementor-section-height-default elementor-section-height-default qodef-elementor-content-no\" data-id=\"59b45fe\" data-element_type=\"section\">\n\t\t\t\t\t\t<div class=\"elementor-container elementor-column-gap-default\">\n\t\t\t\t\t<div class=\"elementor-column elementor-col-100 elementor-top-column elementor-element elementor-element-ea1cca3\" data-id=\"ea1cca3\" data-element_type=\"column\">\n\t\t\t<div class=\"elementor-widget-wrap elementor-element-populated\">\n\t\t\t\t\t\t<div class=\"elementor-element elementor-element-4a0e662 elementor-widget elementor-widget-eldon_core_portfolio_list\" data-id=\"4a0e662\" data-element_type=\"widget\" data-widget_type=\"eldon_core_portfolio_list.default\">\n\t\t\t\t<div class=\"elementor-widget-container\">\n\t\t\t\t\t<div class=\"qodef-shortcode qodef-m qodef-portfolio-list qodef-item-layout--info-on-hover-simple qodef-image-blurred qodef-grid qodef-layout--columns qodef-gutter--large qodef-col-num--2 qodef-item-layout--info-on-hover-simple qodef-pagination--off qodef--no-bottom-space qodef-responsive--custom qodef-col-num--1440--3 qodef-col-num--1366--3 qodef-col-num--1024--3 qodef-col-num--768--2 qodef-col-num--680--1 qodef-col-num--480--1\" data-options=\"{&quot;plugin&quot;:&quot;eldon_core&quot;,&quot;module&quot;:&quot;post-types\\\/portfolio\\\/shortcodes&quot;,&quot;shortcode&quot;:&quot;portfolio-list&quot;,&quot;post_type&quot;:&quot;portfolio-item&quot;,&quot;next_page&quot;:&quot;2&quot;,&quot;max_pages_num&quot;:2,&quot;behavior&quot;:&quot;columns&quot;,&quot;images_proportion&quot;:&quot;full&quot;,&quot;columns&quot;:&quot;2&quot;,&quot;columns_responsive&quot;:&quot;custom&quot;,&quot;columns_1440&quot;:&quot;3&quot;,&quot;columns_1366&quot;:&quot;3&quot;,&quot;columns_1024&quot;:&quot;3&quot;,&quot;columns_768&quot;:&quot;2&quot;,&quot;columns_680&quot;:&quot;1&quot;,&quot;columns_480&quot;:&quot;1&quot;,&quot;space&quot;:&quot;large&quot;,&quot;posts_per_page&quot;:&quot;8&quot;,&quot;orderby&quot;:&quot;date&quot;,&quot;order&quot;:&quot;DESC&quot;,&quot;additional_params&quot;:&quot;tax&quot;,&quot;tax&quot;:&quot;portfolio-category&quot;,&quot;tax_slug&quot;:&quot;shape&quot;,&quot;layout&quot;:&quot;info-on-hover-simple&quot;,&quot;hover_animation_info-below&quot;:&quot;overlay&quot;,&quot;hover_animation_info-follow&quot;:&quot;follow&quot;,&quot;hover_animation_info-image-divided&quot;:&quot;tilt&quot;,&quot;hover_animation_info-on-hover&quot;:&quot;fade-in&quot;,&quot;title_tag&quot;:&quot;h4&quot;,&quot;custom_padding&quot;:&quot;no&quot;,&quot;blur_image&quot;:&quot;yes&quot;,&quot;slider_reverse_direction&quot;:&quot;no&quot;,&quot;custom_slider_behavior&quot;:&quot;no&quot;,&quot;pagination_type&quot;:&quot;no-pagination&quot;,&quot;object_class_name&quot;:&quot;EldonCore_Portfolio_List_Shortcode&quot;,&quot;taxonomy_filter&quot;:&quot;portfolio-category&quot;,&quot;additional_query_args&quot;:{&quot;tax_query&quot;:[{&quot;taxonomy&quot;:&quot;portfolio-category&quot;,&quot;field&quot;:&quot;slug&quot;,&quot;terms&quot;:&quot;shape&quot;}]},&quot;space_value&quot;:25}\">\n\t\t<div class=\"qodef-grid-inner clear\">\n\t\t<article class=\"qodef-e qodef-grid-item qodef-item--full post-2960 portfolio-item type-portfolio-item status-publish has-post-thumbnail hentry portfolio-category-shape portfolio-tag-redesign\">\n\t<div class=\"qodef-e-inner\" >\n\t\t<div class=\"qodef-e-background-holder\">\n\t\t\t\t<div class=\"qodef-e-media-image qodef--background\" style=\"background-image: url( https:\/\/ultra-man.sale\/wp-content\/uploads\/2021\/05\/Portfolio-list-img83.jpg)\">\n\t\t<img fetchpriority=\"high\" decoding=\"async\" width=\"800\" height=\"1139\" src=\"https:\/\/ultra-man.sale\/wp-content\/uploads\/2021\/05\/Portfolio-list-img83.jpg\" class=\"attachment-full size-full wp-post-image\" alt=\"s\" srcset=\"https:\/\/ultra-man.sale\/wp-content\/uploads\/2021\/05\/Portfolio-list-img83.jpg 800w, https:\/\/ultra-man.sale\/wp-content\/uploads\/2021\/05\/Portfolio-list-img83-211x300.jpg 211w, https:\/\/ultra-man.sale\/wp-content\/uploads\/2021\/05\/Portfolio-list-img83-719x1024.jpg 719w, https:\/\/ultra-man.sale\/wp-content\/uploads\/2021\/05\/Portfolio-list-img83-768x1093.jpg 768w\" sizes=\"(max-width: 800px) 100vw, 800px\" \/>\t<\/div>\n\t\t<\/div>\n\t\t<div class=\"qodef-e-content\">\n\t\t\t<div class=\"qodef-e-top-holder\">\n\t\t\t\t<div class=\"qodef-e-text\">\n\t\t\t\t\t<h4 itemprop=\"name\" class=\"qodef-e-title entry-title\" >\n\t<a itemprop=\"url\" class=\"qodef-e-title-link\" href=\"https:\/\/ultra-man.sale\/?portfolio-item=pepper-fox\" target=\"_self\">\n\t\tPepper Fox\t<\/a>\n<\/h4>\n\t\t\t\t<\/div>\n\t\t\t\t<div class=\"qodef-e-info\">\n\t\t\t\t\t\t<a href=\"https:\/\/ultra-man.sale\/?portfolio-category=shape\" rel=\"tag\">Shape<\/a>\t<div class=\"qodef-info-separator-end\"><\/div>\n\t\t\t\t<\/div>\n\t\t\t<\/div>\n\t\t<\/div>\n\t\t<a itemprop=\"url\" class=\"qodef-e-post-link\" href=\"https:\/\/ultra-man.sale\/?portfolio-item=pepper-fox\" target=\"_self\"><\/a>\n\t<\/div>\n<\/article>\n<article class=\"qodef-e qodef-grid-item qodef-item--full post-2959 portfolio-item type-portfolio-item status-publish has-post-thumbnail hentry portfolio-category-shape portfolio-tag-redesign\">\n\t<div class=\"qodef-e-inner\" >\n\t\t<div class=\"qodef-e-background-holder\">\n\t\t\t\t<div class=\"qodef-e-media-image qodef--background\" style=\"background-image: url( https:\/\/ultra-man.sale\/wp-content\/uploads\/2021\/05\/Portfolio-list-img106.jpg)\">\n\t\t<img decoding=\"async\" width=\"800\" height=\"1139\" src=\"https:\/\/ultra-man.sale\/wp-content\/uploads\/2021\/05\/Portfolio-list-img106.jpg\" class=\"attachment-full size-full wp-post-image\" alt=\"s\" srcset=\"https:\/\/ultra-man.sale\/wp-content\/uploads\/2021\/05\/Portfolio-list-img106.jpg 800w, https:\/\/ultra-man.sale\/wp-content\/uploads\/2021\/05\/Portfolio-list-img106-211x300.jpg 211w, https:\/\/ultra-man.sale\/wp-content\/uploads\/2021\/05\/Portfolio-list-img106-719x1024.jpg 719w, https:\/\/ultra-man.sale\/wp-content\/uploads\/2021\/05\/Portfolio-list-img106-768x1093.jpg 768w\" sizes=\"(max-width: 800px) 100vw, 800px\" \/>\t<\/div>\n\t\t<\/div>\n\t\t<div class=\"qodef-e-content\">\n\t\t\t<div class=\"qodef-e-top-holder\">\n\t\t\t\t<div class=\"qodef-e-text\">\n\t\t\t\t\t<h4 itemprop=\"name\" class=\"qodef-e-title entry-title\" >\n\t<a itemprop=\"url\" class=\"qodef-e-title-link\" href=\"https:\/\/ultra-man.sale\/?portfolio-item=albino-tiger\" target=\"_self\">\n\t\tAlbino Tiger\t<\/a>\n<\/h4>\n\t\t\t\t<\/div>\n\t\t\t\t<div class=\"qodef-e-info\">\n\t\t\t\t\t\t<a href=\"https:\/\/ultra-man.sale\/?portfolio-category=shape\" rel=\"tag\">Shape<\/a>\t<div class=\"qodef-info-separator-end\"><\/div>\n\t\t\t\t<\/div>\n\t\t\t<\/div>\n\t\t<\/div>\n\t\t<a itemprop=\"url\" class=\"qodef-e-post-link\" href=\"https:\/\/ultra-man.sale\/?portfolio-item=albino-tiger\" target=\"_self\"><\/a>\n\t<\/div>\n<\/article>\n<article class=\"qodef-e qodef-grid-item qodef-item--full post-2958 portfolio-item type-portfolio-item status-publish has-post-thumbnail hentry portfolio-category-shape portfolio-tag-redesign\">\n\t<div class=\"qodef-e-inner\" >\n\t\t<div class=\"qodef-e-background-holder\">\n\t\t\t\t<div class=\"qodef-e-media-image qodef--background\" style=\"background-image: url( https:\/\/ultra-man.sale\/wp-content\/uploads\/2021\/05\/Portfolio-list-img81.jpg)\">\n\t\t<img decoding=\"async\" width=\"800\" height=\"1139\" src=\"https:\/\/ultra-man.sale\/wp-content\/uploads\/2021\/05\/Portfolio-list-img81.jpg\" class=\"attachment-full size-full wp-post-image\" alt=\"s\" srcset=\"https:\/\/ultra-man.sale\/wp-content\/uploads\/2021\/05\/Portfolio-list-img81.jpg 800w, https:\/\/ultra-man.sale\/wp-content\/uploads\/2021\/05\/Portfolio-list-img81-211x300.jpg 211w, https:\/\/ultra-man.sale\/wp-content\/uploads\/2021\/05\/Portfolio-list-img81-719x1024.jpg 719w, https:\/\/ultra-man.sale\/wp-content\/uploads\/2021\/05\/Portfolio-list-img81-768x1093.jpg 768w\" sizes=\"(max-width: 800px) 100vw, 800px\" \/>\t<\/div>\n\t\t<\/div>\n\t\t<div class=\"qodef-e-content\">\n\t\t\t<div class=\"qodef-e-top-holder\">\n\t\t\t\t<div class=\"qodef-e-text\">\n\t\t\t\t\t<h4 itemprop=\"name\" class=\"qodef-e-title entry-title\" >\n\t<a itemprop=\"url\" class=\"qodef-e-title-link\" href=\"https:\/\/ultra-man.sale\/?portfolio-item=pink-jelly\" target=\"_self\">\n\t\tPink Jelly\t<\/a>\n<\/h4>\n\t\t\t\t<\/div>\n\t\t\t\t<div class=\"qodef-e-info\">\n\t\t\t\t\t\t<a href=\"https:\/\/ultra-man.sale\/?portfolio-category=shape\" rel=\"tag\">Shape<\/a>\t<div class=\"qodef-info-separator-end\"><\/div>\n\t\t\t\t<\/div>\n\t\t\t<\/div>\n\t\t<\/div>\n\t\t<a itemprop=\"url\" class=\"qodef-e-post-link\" href=\"https:\/\/ultra-man.sale\/?portfolio-item=pink-jelly\" target=\"_self\"><\/a>\n\t<\/div>\n<\/article>\n<article class=\"qodef-e qodef-grid-item qodef-item--full post-2957 portfolio-item type-portfolio-item status-publish has-post-thumbnail hentry portfolio-category-shape portfolio-tag-redesign\">\n\t<div class=\"qodef-e-inner\" >\n\t\t<div class=\"qodef-e-background-holder\">\n\t\t\t\t<div class=\"qodef-e-media-image qodef--background\" style=\"background-image: url( https:\/\/ultra-man.sale\/wp-content\/uploads\/2021\/05\/Portfolio-list-img80.jpg)\">\n\t\t<img loading=\"lazy\" decoding=\"async\" width=\"800\" height=\"1139\" src=\"https:\/\/ultra-man.sale\/wp-content\/uploads\/2021\/05\/Portfolio-list-img80.jpg\" class=\"attachment-full size-full wp-post-image\" alt=\"s\" srcset=\"https:\/\/ultra-man.sale\/wp-content\/uploads\/2021\/05\/Portfolio-list-img80.jpg 800w, https:\/\/ultra-man.sale\/wp-content\/uploads\/2021\/05\/Portfolio-list-img80-211x300.jpg 211w, https:\/\/ultra-man.sale\/wp-content\/uploads\/2021\/05\/Portfolio-list-img80-719x1024.jpg 719w, https:\/\/ultra-man.sale\/wp-content\/uploads\/2021\/05\/Portfolio-list-img80-768x1093.jpg 768w\" sizes=\"(max-width: 800px) 100vw, 800px\" \/>\t<\/div>\n\t\t<\/div>\n\t\t<div class=\"qodef-e-content\">\n\t\t\t<div class=\"qodef-e-top-holder\">\n\t\t\t\t<div class=\"qodef-e-text\">\n\t\t\t\t\t<h4 itemprop=\"name\" class=\"qodef-e-title entry-title\" >\n\t<a itemprop=\"url\" class=\"qodef-e-title-link\" href=\"https:\/\/ultra-man.sale\/?portfolio-item=soul-eaters\" target=\"_self\">\n\t\tSoul Eaters\t<\/a>\n<\/h4>\n\t\t\t\t<\/div>\n\t\t\t\t<div class=\"qodef-e-info\">\n\t\t\t\t\t\t<a href=\"https:\/\/ultra-man.sale\/?portfolio-category=shape\" rel=\"tag\">Shape<\/a>\t<div class=\"qodef-info-separator-end\"><\/div>\n\t\t\t\t<\/div>\n\t\t\t<\/div>\n\t\t<\/div>\n\t\t<a itemprop=\"url\" class=\"qodef-e-post-link\" href=\"https:\/\/ultra-man.sale\/?portfolio-item=soul-eaters\" target=\"_self\"><\/a>\n\t<\/div>\n<\/article>\n<article class=\"qodef-e qodef-grid-item qodef-item--full post-2956 portfolio-item type-portfolio-item status-publish has-post-thumbnail hentry portfolio-category-shape portfolio-tag-redesign\">\n\t<div class=\"qodef-e-inner\" >\n\t\t<div class=\"qodef-e-background-holder\">\n\t\t\t\t<div class=\"qodef-e-media-image qodef--background\" style=\"background-image: url( https:\/\/ultra-man.sale\/wp-content\/uploads\/2021\/05\/Portfolio-list-img79.jpg)\">\n\t\t<img loading=\"lazy\" decoding=\"async\" width=\"800\" height=\"1139\" src=\"https:\/\/ultra-man.sale\/wp-content\/uploads\/2021\/05\/Portfolio-list-img79.jpg\" class=\"attachment-full size-full wp-post-image\" alt=\"s\" srcset=\"https:\/\/ultra-man.sale\/wp-content\/uploads\/2021\/05\/Portfolio-list-img79.jpg 800w, https:\/\/ultra-man.sale\/wp-content\/uploads\/2021\/05\/Portfolio-list-img79-211x300.jpg 211w, https:\/\/ultra-man.sale\/wp-content\/uploads\/2021\/05\/Portfolio-list-img79-719x1024.jpg 719w, https:\/\/ultra-man.sale\/wp-content\/uploads\/2021\/05\/Portfolio-list-img79-768x1093.jpg 768w\" sizes=\"(max-width: 800px) 100vw, 800px\" \/>\t<\/div>\n\t\t<\/div>\n\t\t<div class=\"qodef-e-content\">\n\t\t\t<div class=\"qodef-e-top-holder\">\n\t\t\t\t<div class=\"qodef-e-text\">\n\t\t\t\t\t<h4 itemprop=\"name\" class=\"qodef-e-title entry-title\" >\n\t<a itemprop=\"url\" class=\"qodef-e-title-link\" href=\"https:\/\/ultra-man.sale\/?portfolio-item=zhaocaimao\" target=\"_self\">\n\t\tZh\u0101oc\u00e1im\u0101o\t<\/a>\n<\/h4>\n\t\t\t\t<\/div>\n\t\t\t\t<div class=\"qodef-e-info\">\n\t\t\t\t\t\t<a href=\"https:\/\/ultra-man.sale\/?portfolio-category=shape\" rel=\"tag\">Shape<\/a>\t<div class=\"qodef-info-separator-end\"><\/div>\n\t\t\t\t<\/div>\n\t\t\t<\/div>\n\t\t<\/div>\n\t\t<a itemprop=\"url\" class=\"qodef-e-post-link\" href=\"https:\/\/ultra-man.sale\/?portfolio-item=zhaocaimao\" target=\"_self\"><\/a>\n\t<\/div>\n<\/article>\n<article class=\"qodef-e qodef-grid-item qodef-item--full post-2955 portfolio-item type-portfolio-item status-publish has-post-thumbnail hentry portfolio-category-shape portfolio-tag-redesign\">\n\t<div class=\"qodef-e-inner\" >\n\t\t<div class=\"qodef-e-background-holder\">\n\t\t\t\t<div class=\"qodef-e-media-image qodef--background\" style=\"background-image: url( https:\/\/ultra-man.sale\/wp-content\/uploads\/2021\/05\/Portfolio-list-img78.jpg)\">\n\t\t<img loading=\"lazy\" decoding=\"async\" width=\"800\" height=\"1139\" src=\"https:\/\/ultra-man.sale\/wp-content\/uploads\/2021\/05\/Portfolio-list-img78.jpg\" class=\"attachment-full size-full wp-post-image\" alt=\"s\" srcset=\"https:\/\/ultra-man.sale\/wp-content\/uploads\/2021\/05\/Portfolio-list-img78.jpg 800w, https:\/\/ultra-man.sale\/wp-content\/uploads\/2021\/05\/Portfolio-list-img78-211x300.jpg 211w, https:\/\/ultra-man.sale\/wp-content\/uploads\/2021\/05\/Portfolio-list-img78-719x1024.jpg 719w, https:\/\/ultra-man.sale\/wp-content\/uploads\/2021\/05\/Portfolio-list-img78-768x1093.jpg 768w\" sizes=\"(max-width: 800px) 100vw, 800px\" \/>\t<\/div>\n\t\t<\/div>\n\t\t<div class=\"qodef-e-content\">\n\t\t\t<div class=\"qodef-e-top-holder\">\n\t\t\t\t<div class=\"qodef-e-text\">\n\t\t\t\t\t<h4 itemprop=\"name\" class=\"qodef-e-title entry-title\" >\n\t<a itemprop=\"url\" class=\"qodef-e-title-link\" href=\"https:\/\/ultra-man.sale\/?portfolio-item=smile-smile\" target=\"_self\">\n\t\tSmile Smile\t<\/a>\n<\/h4>\n\t\t\t\t<\/div>\n\t\t\t\t<div class=\"qodef-e-info\">\n\t\t\t\t\t\t<a href=\"https:\/\/ultra-man.sale\/?portfolio-category=shape\" rel=\"tag\">Shape<\/a>\t<div class=\"qodef-info-separator-end\"><\/div>\n\t\t\t\t<\/div>\n\t\t\t<\/div>\n\t\t<\/div>\n\t\t<a itemprop=\"url\" class=\"qodef-e-post-link\" href=\"https:\/\/ultra-man.sale\/?portfolio-item=smile-smile\" target=\"_self\"><\/a>\n\t<\/div>\n<\/article>\n<article class=\"qodef-e qodef-grid-item qodef-item--full post-2954 portfolio-item type-portfolio-item status-publish has-post-thumbnail hentry portfolio-category-shape portfolio-tag-redesign\">\n\t<div class=\"qodef-e-inner\" >\n\t\t<div class=\"qodef-e-background-holder\">\n\t\t\t\t<div class=\"qodef-e-media-image qodef--background\" style=\"background-image: url( https:\/\/ultra-man.sale\/wp-content\/uploads\/2021\/05\/Portfolio-list-img77.jpg)\">\n\t\t<img loading=\"lazy\" decoding=\"async\" width=\"800\" height=\"1139\" src=\"https:\/\/ultra-man.sale\/wp-content\/uploads\/2021\/05\/Portfolio-list-img77.jpg\" class=\"attachment-full size-full wp-post-image\" alt=\"s\" srcset=\"https:\/\/ultra-man.sale\/wp-content\/uploads\/2021\/05\/Portfolio-list-img77.jpg 800w, https:\/\/ultra-man.sale\/wp-content\/uploads\/2021\/05\/Portfolio-list-img77-211x300.jpg 211w, https:\/\/ultra-man.sale\/wp-content\/uploads\/2021\/05\/Portfolio-list-img77-719x1024.jpg 719w, https:\/\/ultra-man.sale\/wp-content\/uploads\/2021\/05\/Portfolio-list-img77-768x1093.jpg 768w\" sizes=\"(max-width: 800px) 100vw, 800px\" \/>\t<\/div>\n\t\t<\/div>\n\t\t<div class=\"qodef-e-content\">\n\t\t\t<div class=\"qodef-e-top-holder\">\n\t\t\t\t<div class=\"qodef-e-text\">\n\t\t\t\t\t<h4 itemprop=\"name\" class=\"qodef-e-title entry-title\" >\n\t<a itemprop=\"url\" class=\"qodef-e-title-link\" href=\"https:\/\/ultra-man.sale\/?portfolio-item=astro-catto\" target=\"_self\">\n\t\tAstro Catto\t<\/a>\n<\/h4>\n\t\t\t\t<\/div>\n\t\t\t\t<div class=\"qodef-e-info\">\n\t\t\t\t\t\t<a href=\"https:\/\/ultra-man.sale\/?portfolio-category=shape\" rel=\"tag\">Shape<\/a>\t<div class=\"qodef-info-separator-end\"><\/div>\n\t\t\t\t<\/div>\n\t\t\t<\/div>\n\t\t<\/div>\n\t\t<a itemprop=\"url\" class=\"qodef-e-post-link\" href=\"https:\/\/ultra-man.sale\/?portfolio-item=astro-catto\" target=\"_self\"><\/a>\n\t<\/div>\n<\/article>\n<article class=\"qodef-e qodef-grid-item qodef-item--full post-2953 portfolio-item type-portfolio-item status-publish has-post-thumbnail hentry portfolio-category-shape portfolio-tag-redesign\">\n\t<div class=\"qodef-e-inner\" >\n\t\t<div class=\"qodef-e-background-holder\">\n\t\t\t\t<div class=\"qodef-e-media-image qodef--background\" style=\"background-image: url( https:\/\/ultra-man.sale\/wp-content\/uploads\/2021\/05\/Portfolio-list-img76.jpg)\">\n\t\t<img loading=\"lazy\" decoding=\"async\" width=\"800\" height=\"1139\" src=\"https:\/\/ultra-man.sale\/wp-content\/uploads\/2021\/05\/Portfolio-list-img76.jpg\" class=\"attachment-full size-full wp-post-image\" alt=\"s\" srcset=\"https:\/\/ultra-man.sale\/wp-content\/uploads\/2021\/05\/Portfolio-list-img76.jpg 800w, https:\/\/ultra-man.sale\/wp-content\/uploads\/2021\/05\/Portfolio-list-img76-211x300.jpg 211w, https:\/\/ultra-man.sale\/wp-content\/uploads\/2021\/05\/Portfolio-list-img76-719x1024.jpg 719w, https:\/\/ultra-man.sale\/wp-content\/uploads\/2021\/05\/Portfolio-list-img76-768x1093.jpg 768w\" sizes=\"(max-width: 800px) 100vw, 800px\" \/>\t<\/div>\n\t\t<\/div>\n\t\t<div class=\"qodef-e-content\">\n\t\t\t<div class=\"qodef-e-top-holder\">\n\t\t\t\t<div class=\"qodef-e-text\">\n\t\t\t\t\t<h4 itemprop=\"name\" class=\"qodef-e-title entry-title\" >\n\t<a itemprop=\"url\" class=\"qodef-e-title-link\" href=\"https:\/\/ultra-man.sale\/?portfolio-item=gamepad-qode-v-3-2\" target=\"_self\">\n\t\tGamepad qode v.3.2\t<\/a>\n<\/h4>\n\t\t\t\t<\/div>\n\t\t\t\t<div class=\"qodef-e-info\">\n\t\t\t\t\t\t<a href=\"https:\/\/ultra-man.sale\/?portfolio-category=shape\" rel=\"tag\">Shape<\/a>\t<div class=\"qodef-info-separator-end\"><\/div>\n\t\t\t\t<\/div>\n\t\t\t<\/div>\n\t\t<\/div>\n\t\t<a itemprop=\"url\" class=\"qodef-e-post-link\" href=\"https:\/\/ultra-man.sale\/?portfolio-item=gamepad-qode-v-3-2\" target=\"_self\"><\/a>\n\t<\/div>\n<\/article>\n\t<\/div>\n\t<\/div>\n\t\t\t\t<\/div>\n\t\t\t\t<\/div>\n\t\t\t\t\t<\/div>\n\t\t<\/div>\n\t\t\t\t\t<\/div>\n\t\t<\/section>\n\t\t\t\t<\/div>\n\t\t","protected":false},"excerpt":{"rendered":"<p>Pepper Fox Shape Albino Tiger Shape Pink Jelly Shape Soul Eaters Shape Zh\u0101oc\u00e1im\u0101o Shape Smile Smile Shape Astro Catto Shape Gamepad qode v.3.2 Shape<\/p>\n","protected":false},"author":1,"featured_media":0,"parent":108,"menu_order":0,"comment_status":"closed","ping_status":"closed","template":"page-full-width.php","meta":{"footnotes":""},"class_list":["post-3498","page","type-page","status-publish","hentry"],"jetpack_sharing_enabled":true,"_links":{"self":[{"href":"https:\/\/ultra-man.sale\/index.php?rest_route=\/wp\/v2\/pages\/3498","targetHints":{"allow":["GET"]}}],"collection":[{"href":"https:\/\/ultra-man.sale\/index.php?rest_route=\/wp\/v2\/pages"}],"about":[{"href":"https:\/\/ultra-man.sale\/index.php?rest_route=\/wp\/v2\/types\/page"}],"author":[{"embeddable":true,"href":"https:\/\/ultra-man.sale\/index.php?rest_route=\/wp\/v2\/users\/1"}],"replies":[{"embeddable":true,"href":"https:\/\/ultra-man.sale\/index.php?rest_route=%2Fwp%2Fv2%2Fcomments&post=3498"}],"version-history":[{"count":0,"href":"https:\/\/ultra-man.sale\/index.php?rest_route=\/wp\/v2\/pages\/3498\/revisions"}],"up":[{"embeddable":true,"href":"https:\/\/ultra-man.sale\/index.php?rest_route=\/wp\/v2\/pages\/108"}],"wp:attachment":[{"href":"https:\/\/ultra-man.sale\/index.php?rest_route=%2Fwp%2Fv2%2Fmedia&parent=3498"}],"curies":[{"name":"wp","href":"https:\/\/api.w.org\/{rel}","templated":true}]}}